{"id":3693,"date":"2022-06-01T19:49:25","date_gmt":"2022-06-01T17:49:25","guid":{"rendered":"https:\/\/www.hoben.pl\/?page_id=3693"},"modified":"2022-08-11T21:40:13","modified_gmt":"2022-08-11T19:40:13","slug":"realizacje","status":"publish","type":"page","link":"https:\/\/www.hoben.pl\/en\/realizations\/","title":{"rendered":"Our implementations"},"content":{"rendered":"<div data-elementor-type=\"wp-page\" data-elementor-id=\"3693\" class=\"elementor elementor-3693\">\n\t\t\t\t\t\t<div class=\"elementor-inner\">\n\t\t\t\t<div class=\"elementor-section-wrap\">\n\t\t\t\t\t\t\t\t\t<section class=\"elementor-section elementor-top-section elementor-element elementor-element-d670908 elementor-section-boxed elementor-section-height-default elementor-section-height-default\" data-id=\"d670908\" data-element_type=\"section\" data-settings=\"{&quot;background_background&quot;:&quot;classic&quot;}\">\n\t\t\t\t\t\t\t<div class=\"elementor-background-overlay\"><\/div>\n\t\t\t\t\t\t\t<div class=\"elementor-container elementor-column-gap-default\">\n\t\t\t\t\t\t\t<div class=\"elementor-row\">\n\t\t\t\t\t<div class=\"elementor-column elementor-col-100 elementor-top-column elementor-element elementor-element-44f767d\" data-id=\"44f767d\" data-element_type=\"column\" data-settings=\"{&quot;background_background&quot;:&quot;classic&quot;}\">\n\t\t\t<div class=\"elementor-column-wrap elementor-element-populated\">\n\t\t\t\t\t\t\t<div class=\"elementor-widget-wrap\">\n\t\t\t\t\t\t<div class=\"elementor-element elementor-element-13f5662 elementor-widget elementor-widget-text-editor\" data-id=\"13f5662\" data-element_type=\"widget\" data-widget_type=\"text-editor.default\">\n\t\t\t\t<div class=\"elementor-widget-container\">\n\t\t\t\t\t\t\t\t<div class=\"elementor-text-editor elementor-clearfix\">\n\t\t\t\t<p>Would you like to know how we work? Are you looking for inspiration to upgrade your\nfacility or build offices? See how we design and build from scratch, as well as how we\nmodernise buildings that are already past their glory days. Our photo gallery presents works\nthat have gained the full approval of both investors and building supervision inspectors. Do\nnot wait - entrust us with the work in your facility!<\/p>\t\t\t\t\t<\/div>\n\t\t\t\t\t\t<\/div>\n\t\t\t\t<\/div>\n\t\t\t\t\t\t<\/div>\n\t\t\t\t\t<\/div>\n\t\t<\/div>\n\t\t\t\t\t\t\t\t<\/div>\n\t\t\t\t\t<\/div>\n\t\t<\/section>\n\t\t\t\t<section class=\"elementor-section elementor-top-section elementor-element elementor-element-89fe119 elementor-section-boxed elementor-section-height-default elementor-section-height-default\" data-id=\"89fe119\" data-element_type=\"section\" data-settings=\"{&quot;background_background&quot;:&quot;classic&quot;}\">\n\t\t\t\t\t\t\t<div class=\"elementor-background-overlay\"><\/div>\n\t\t\t\t\t\t\t<div class=\"elementor-container elementor-column-gap-default\">\n\t\t\t\t\t\t\t<div class=\"elementor-row\">\n\t\t\t\t\t<div class=\"elementor-column elementor-col-100 elementor-top-column elementor-element elementor-element-4f0405d\" data-id=\"4f0405d\" data-element_type=\"column\">\n\t\t\t<div class=\"elementor-column-wrap elementor-element-populated\">\n\t\t\t\t\t\t\t<div class=\"elementor-widget-wrap\">\n\t\t\t\t\t\t<div class=\"elementor-element elementor-element-3280ec9 elementor-widget elementor-widget-ucaddon_post_magazine_grid\" data-id=\"3280ec9\" data-element_type=\"widget\" data-widget_type=\"ucaddon_post_magazine_grid.default\">\n\t\t\t\t<div class=\"elementor-widget-container\">\n\t\t\t<!-- start Post Magazine Grid -->\n\t\t<link id='font-awesome-css' href='https:\/\/www.hoben.pl\/wp-content\/plugins\/unlimited-elements-for-elementor-premium\/assets_libraries\/font-awesome5\/css\/fontawesome-all.min.css' type='text\/css' rel='stylesheet' >\n\t\t<link id='font-awesome-4-shim-css' href='https:\/\/www.hoben.pl\/wp-content\/plugins\/unlimited-elements-for-elementor-premium\/assets_libraries\/font-awesome5\/css\/fontawesome-v4-shims.css' type='text\/css' rel='stylesheet' >\n\n\t\t\t<style type=\"text\/css\">\/* widget: Post Magazine Grid *\/\n\n#uc_post_magazine_grid_elementor12242 *\n{\n  box-sizing:border-box;\n}\n#uc_post_magazine_grid_elementor12242\n{\n  display: grid;\n  grid-auto-rows: 1fr;\n}\n\n#uc_post_magazine_grid_elementor12242 div.ue-grid-item\n{\n  overflow:hidden;\n  display:flex;\n  position:relative;\n}\n\n#uc_post_magazine_grid_elementor12242 .ue-grid-item-image img\n{\n  width:100%;\n  display:block;\n}\n\n\n#uc_post_magazine_grid_elementor12242.ue-layout-cover .ue-grid-item-image\n{\n  position:absolute;\n  top:0;\n  left:0;\n  bottom:0;\n  right:0;\n}\n\n#uc_post_magazine_grid_elementor12242.ue-layout-cover .ue-grid-item-image img\n{\n  height:100%;\n  object-fit: cover;\n}\n\n#uc_post_magazine_grid_elementor12242.ue-layout-cover .ue-grid-item-content\n{\n  position:absolute;\n  width:100%;\n  bottom:0px;\n}\n\n#uc_post_magazine_grid_elementor12242 .ue-grid-item-image-overlay\n{\n  position:absolute;\n  width:100%;\n  top:0;\n  display:block;\n  bottom:0;\n  height:100%;\n  transition:0.3s;\n}\n\n.ue-grid-item-title a\n{\n  font-size:21px;\n  font-weight:bold;\n}\n\n.ue-grid-item-category a\n{\n  display:inline-block;\n  font-size:10px;\n  text-transform:uppercase;\n}\n\n#uc_post_magazine_grid_elementor12242 .uc_more_btn{\n\n  text-align:center;\n  text-decoration:none;\n  transition:0.3s;\n}\n\n#uc_post_magazine_grid_elementor12242 .ue-grid-item-meta-data\n{\n  display:flex;\n  flex-wrap: wrap;\n}\n\n.ue-grid-item-meta-data\n{\n  font-size:12px;\n}\n\n#uc_post_magazine_grid_elementor12242 .ue-grid-item-meta-data-icon\n{\n  line-height:1em;\n}\n\n#uc_post_magazine_grid_elementor12242 .ue-grid-item-meta-data-icon svg\n{\n  width:1em;\n  height:1em;\n}\n\n\n@media only screen and (max-width: 600px) {\n  #uc_post_magazine_grid_elementor12242 div.ue-grid-item\n  {\n    grid-column: span 1;\n    grid-row: span 1;\n  }\n  #uc_post_magazine_grid_elementor12242\n  {\n  grid-template-columns: repeat(1, 1fr);\n  }\n}\n\n<\/style>\n\n\t\t\t<div id=\"uc_post_magazine_grid_elementor12242\" class=\"post_magazine_grid ue-layout-cover uc-items-wrapper\" >\n\t<div class=\"ue-grid-item\">\n\t<div class=\"ue-grid-item-image\">\n       \n          <img loading=\"lazy\" src=\"https:\/\/www.hoben.pl\/wp-content\/uploads\/2022\/08\/realizacja-9-768x576.jpg\"  alt=\"realization 9\" width=\"768\" height=\"576\">  \n      \t\n      \n      <a class=\"ue-grid-item-image-overlay\" href=\"https:\/\/www.hoben.pl\/en\/2022\/08\/11\/ikea-warsaw-janki\/\"><\/a>\n    <\/div>\n    <div class=\"ue-grid-item-content\">\n      \n            \n            \n      <div class=\"ue-grid-item-title\"><a href=\"https:\/\/www.hoben.pl\/en\/2022\/08\/11\/ikea-warsaw-janki\/\">Ikea Warsaw - Janki<\/a><\/div>      \n            \n      <div class=\"ue-grid-item-intro\">Structures for 8 ROBATHEREM air handling units ...<\/div>      <div class=\"ue-grid-item-button\"><a class=\"uc_more_btn elementor-animation-float\" href=\"https:\/\/www.hoben.pl\/en\/2022\/08\/11\/ikea-warsaw-janki\/\">Check <i class=\"fa fa-chevron-right\" aria-hidden=\"true\"><\/i> <\/a><\/div>    <\/div>\n<\/div>\n<div class=\"ue-grid-item\">\n\t<div class=\"ue-grid-item-image\">\n       \n          <img loading=\"lazy\" src=\"https:\/\/www.hoben.pl\/wp-content\/uploads\/2022\/08\/realizacja-8-768x512.jpg\"  alt=\"realization 8\" width=\"768\" height=\"512\">  \n      \t\n      \n      <a class=\"ue-grid-item-image-overlay\" href=\"https:\/\/www.hoben.pl\/en\/2022\/08\/11\/la-lorraine-nowy-dwor-mazowiecki\/\"><\/a>\n    <\/div>\n    <div class=\"ue-grid-item-content\">\n      \n            \n            \n      <div class=\"ue-grid-item-title\"><a href=\"https:\/\/www.hoben.pl\/en\/2022\/08\/11\/la-lorraine-nowy-dwor-mazowiecki\/\">La Lorraine - Nowy Dw\u00f3r Mazowiecki<\/a><\/div>      \n            \n      <div class=\"ue-grid-item-intro\">Design, fabrication and assembly of structures for AHUs ...<\/div>      <div class=\"ue-grid-item-button\"><a class=\"uc_more_btn elementor-animation-float\" href=\"https:\/\/www.hoben.pl\/en\/2022\/08\/11\/la-lorraine-nowy-dwor-mazowiecki\/\">Check <i class=\"fa fa-chevron-right\" aria-hidden=\"true\"><\/i> <\/a><\/div>    <\/div>\n<\/div>\n<div class=\"ue-grid-item\">\n\t<div class=\"ue-grid-item-image\">\n       \n          <img loading=\"lazy\" src=\"https:\/\/www.hoben.pl\/wp-content\/uploads\/2022\/08\/realizacja-7-768x576.jpg\"  alt=\"implementation 7\" width=\"768\" height=\"576\">  \n      \t\n      \n      <a class=\"ue-grid-item-image-overlay\" href=\"https:\/\/www.hoben.pl\/en\/2022\/08\/11\/ikea-warsaw-targowek\/\"><\/a>\n    <\/div>\n    <div class=\"ue-grid-item-content\">\n      \n            \n            \n      <div class=\"ue-grid-item-title\"><a href=\"https:\/\/www.hoben.pl\/en\/2022\/08\/11\/ikea-warsaw-targowek\/\">Ikea Warsaw - Targ\u00f3wek<\/a><\/div>      \n            \n      <div class=\"ue-grid-item-intro\">Strengthening the roof of the entire facility. Implementation of additional ...<\/div>      <div class=\"ue-grid-item-button\"><a class=\"uc_more_btn elementor-animation-float\" href=\"https:\/\/www.hoben.pl\/en\/2022\/08\/11\/ikea-warsaw-targowek\/\">Check <i class=\"fa fa-chevron-right\" aria-hidden=\"true\"><\/i> <\/a><\/div>    <\/div>\n<\/div>\n<div class=\"ue-grid-item\">\n\t<div class=\"ue-grid-item-image\">\n       \n          <img loading=\"lazy\" src=\"https:\/\/www.hoben.pl\/wp-content\/uploads\/2022\/08\/realizacja6.jpg\"  alt=\"implementation6\" width=\"493\" height=\"658\">  \n      \t\n      \n      <a class=\"ue-grid-item-image-overlay\" href=\"https:\/\/www.hoben.pl\/en\/2022\/08\/11\/grudzen-las-mine\/\"><\/a>\n    <\/div>\n    <div class=\"ue-grid-item-content\">\n      \n            \n            \n      <div class=\"ue-grid-item-title\"><a href=\"https:\/\/www.hoben.pl\/en\/2022\/08\/11\/grudzen-las-mine\/\">Grudze\u0144 Las mine<\/a><\/div>      \n            \n      <div class=\"ue-grid-item-intro\">Design, manufacture and assembly of the technological structure ...<\/div>      <div class=\"ue-grid-item-button\"><a class=\"uc_more_btn elementor-animation-float\" href=\"https:\/\/www.hoben.pl\/en\/2022\/08\/11\/grudzen-las-mine\/\">Check <i class=\"fa fa-chevron-right\" aria-hidden=\"true\"><\/i> <\/a><\/div>    <\/div>\n<\/div>\n<div class=\"ue-grid-item\">\n\t<div class=\"ue-grid-item-image\">\n       \n          <img loading=\"lazy\" src=\"https:\/\/www.hoben.pl\/wp-content\/uploads\/2022\/08\/realizacja-5-768x576.jpg\"  alt=\"implementation 5\" width=\"768\" height=\"576\">  \n      \t\n      \n      <a class=\"ue-grid-item-image-overlay\" href=\"https:\/\/www.hoben.pl\/en\/2022\/08\/11\/euroglas-in-ujazd\/\"><\/a>\n    <\/div>\n    <div class=\"ue-grid-item-content\">\n      \n            \n            \n      <div class=\"ue-grid-item-title\"><a href=\"https:\/\/www.hoben.pl\/en\/2022\/08\/11\/euroglas-in-ujazd\/\">EUROGLAS in Ujazd<\/a><\/div>      \n            \n      <div class=\"ue-grid-item-intro\">An industrial glass factory where ...<\/div>      <div class=\"ue-grid-item-button\"><a class=\"uc_more_btn elementor-animation-float\" href=\"https:\/\/www.hoben.pl\/en\/2022\/08\/11\/euroglas-in-ujazd\/\">Check <i class=\"fa fa-chevron-right\" aria-hidden=\"true\"><\/i> <\/a><\/div>    <\/div>\n<\/div>\n<div class=\"ue-grid-item\">\n\t<div class=\"ue-grid-item-image\">\n       \n          <img loading=\"lazy\" src=\"https:\/\/www.hoben.pl\/wp-content\/uploads\/2022\/08\/Realiozacja4-768x561.jpg\"  alt=\"Implementation 4\" width=\"768\" height=\"561\">  \n      \t\n      \n      <a class=\"ue-grid-item-image-overlay\" href=\"https:\/\/www.hoben.pl\/en\/2022\/06\/01\/dunapack-eurobox-in-przesiadlow\/\"><\/a>\n    <\/div>\n    <div class=\"ue-grid-item-content\">\n      \n            \n            \n      <div class=\"ue-grid-item-title\"><a href=\"https:\/\/www.hoben.pl\/en\/2022\/06\/01\/dunapack-eurobox-in-przesiadlow\/\">DUNAPACK EUROBOX in Przesiad\u0142\u00f3w<\/a><\/div>      \n            \n      <div class=\"ue-grid-item-intro\">Design and construction of foundations for a printing machine ...<\/div>      <div class=\"ue-grid-item-button\"><a class=\"uc_more_btn elementor-animation-float\" href=\"https:\/\/www.hoben.pl\/en\/2022\/06\/01\/dunapack-eurobox-in-przesiadlow\/\">Check <i class=\"fa fa-chevron-right\" aria-hidden=\"true\"><\/i> <\/a><\/div>    <\/div>\n<\/div>\n<div class=\"ue-grid-item\">\n\t<div class=\"ue-grid-item-image\">\n       \n          <img loading=\"lazy\" src=\"https:\/\/www.hoben.pl\/wp-content\/uploads\/2022\/08\/Realizacja-3-768x576.jpg\"  alt=\"Realization 3\" width=\"768\" height=\"576\">  \n      \t\n      \n      <a class=\"ue-grid-item-image-overlay\" href=\"https:\/\/www.hoben.pl\/en\/2022\/06\/01\/pcc-rokita-brzeg-dolny\/\"><\/a>\n    <\/div>\n    <div class=\"ue-grid-item-content\">\n      \n            \n            \n      <div class=\"ue-grid-item-title\"><a href=\"https:\/\/www.hoben.pl\/en\/2022\/06\/01\/pcc-rokita-brzeg-dolny\/\">PCC Rokita Brzeg Dolny<\/a><\/div>      \n            \n      <div class=\"ue-grid-item-intro\">Reinforced concrete structure of the warehouse with infrastructure ...<\/div>      <div class=\"ue-grid-item-button\"><a class=\"uc_more_btn elementor-animation-float\" href=\"https:\/\/www.hoben.pl\/en\/2022\/06\/01\/pcc-rokita-brzeg-dolny\/\">Check <i class=\"fa fa-chevron-right\" aria-hidden=\"true\"><\/i> <\/a><\/div>    <\/div>\n<\/div>\n<div class=\"ue-grid-item\">\n\t<div class=\"ue-grid-item-image\">\n       \n          <img loading=\"lazy\" src=\"https:\/\/www.hoben.pl\/wp-content\/uploads\/2022\/08\/Realizacja-2-768x1024.jpg\"  alt=\"Realization 2\" width=\"768\" height=\"1024\">  \n      \t\n      \n      <a class=\"ue-grid-item-image-overlay\" href=\"https:\/\/www.hoben.pl\/en\/2022\/06\/01\/mccain-chociwel-near-wroclaw\/\"><\/a>\n    <\/div>\n    <div class=\"ue-grid-item-content\">\n      \n            \n            \n      <div class=\"ue-grid-item-title\"><a href=\"https:\/\/www.hoben.pl\/en\/2022\/06\/01\/mccain-chociwel-near-wroclaw\/\">McCain Chociwel near Wroc\u0142aw<\/a><\/div>      \n            \n      <div class=\"ue-grid-item-intro\">Reconstruction of the potato processing plant in the factory of the largest ...<\/div>      <div class=\"ue-grid-item-button\"><a class=\"uc_more_btn elementor-animation-float\" href=\"https:\/\/www.hoben.pl\/en\/2022\/06\/01\/mccain-chociwel-near-wroclaw\/\">Check <i class=\"fa fa-chevron-right\" aria-hidden=\"true\"><\/i> <\/a><\/div>    <\/div>\n<\/div>\n\n<\/div>\n\n\n\t\t\t<!-- end Post Magazine Grid -->\t\t<\/div>\n\t\t\t\t<\/div>\n\t\t\t\t\t\t<\/div>\n\t\t\t\t\t<\/div>\n\t\t<\/div>\n\t\t\t\t\t\t\t\t<\/div>\n\t\t\t\t\t<\/div>\n\t\t<\/section>\n\t\t\t\t\t\t\t\t\t<\/div>\n\t\t\t<\/div>\n\t\t\t\t\t<\/div>","protected":false},"excerpt":{"rendered":"<p>Chcesz wiedzie\u0107, jak pracujemy? Szukasz inspiracji na modernizacj\u0119 swojego obiektu lub budow\u0119 biur? Zobacz, jak projektujemy i budujemy od podstaw, a tak\u017ce jak modernizujemy budynki, kt\u00f3re lata \u015bwietno\u015bci maj\u0105 ju\u017c za sob\u0105. W naszej galerii realizacji s\u0105 prace, kt\u00f3re zyska\u0142y pe\u0142n\u0105 aprobat\u0119 zar\u00f3wno inwestor\u00f3w, jak r\u00f3wnie\u017c inspektor\u00f3w nadzoru budowlanego. Nie czekaj \u2013 powierz nam prace [&hellip;]<\/p>","protected":false},"author":1,"featured_media":0,"parent":0,"menu_order":0,"comment_status":"closed","ping_status":"closed","template":"","meta":[],"yoast_head":"<!-- This site is optimized with the Yoast SEO plugin v19.10 - https:\/\/yoast.com\/wordpress\/plugins\/seo\/ -->\n<title>Realizacje - Hoben - Generalny Wykonawca Obiekt\u00f3w Budowlanych<\/title>\n<meta name=\"robots\" content=\"index, follow, max-snippet:-1, max-image-preview:large, max-video-preview:-1\" \/>\n<link rel=\"canonical\" href=\"https:\/\/www.hoben.pl\/en\/realizations\/\" \/>\n<meta property=\"og:locale\" content=\"en_GB\" \/>\n<meta property=\"og:type\" content=\"article\" \/>\n<meta property=\"og:title\" content=\"Realizacje - Hoben - Generalny Wykonawca Obiekt\u00f3w Budowlanych\" \/>\n<meta property=\"og:description\" content=\"Chcesz wiedzie\u0107, jak pracujemy? Szukasz inspiracji na modernizacj\u0119 swojego obiektu lub budow\u0119 biur? Zobacz, jak projektujemy i budujemy od podstaw, a tak\u017ce jak modernizujemy budynki, kt\u00f3re lata \u015bwietno\u015bci maj\u0105 ju\u017c za sob\u0105. W naszej galerii realizacji s\u0105 prace, kt\u00f3re zyska\u0142y pe\u0142n\u0105 aprobat\u0119 zar\u00f3wno inwestor\u00f3w, jak r\u00f3wnie\u017c inspektor\u00f3w nadzoru budowlanego. Nie czekaj \u2013 powierz nam prace [&hellip;]\" \/>\n<meta property=\"og:url\" content=\"https:\/\/www.hoben.pl\/en\/realizations\/\" \/>\n<meta property=\"og:site_name\" content=\"Hoben - Generalny Wykonawca Obiekt\u00f3w Budowlanych\" \/>\n<meta property=\"article:modified_time\" content=\"2022-08-11T19:40:13+00:00\" \/>\n<meta property=\"og:image\" content=\"https:\/\/www.hoben.pl\/wp-content\/uploads\/2022\/05\/industrial-park-factory-building-warehouse1-768x512.jpg\" \/>\n<meta name=\"twitter:card\" content=\"summary_large_image\" \/>\n<meta name=\"twitter:label1\" content=\"Estimated reading time\" \/>\n\t<meta name=\"twitter:data1\" content=\"1 minute\" \/>\n<script type=\"application\/ld+json\" class=\"yoast-schema-graph\">{\"@context\":\"https:\/\/schema.org\",\"@graph\":[{\"@type\":\"WebPage\",\"@id\":\"https:\/\/www.hoben.pl\/realizacje\/\",\"url\":\"https:\/\/www.hoben.pl\/realizacje\/\",\"name\":\"Realizacje - Hoben - Generalny Wykonawca Obiekt\u00f3w Budowlanych\",\"isPartOf\":{\"@id\":\"https:\/\/www.hoben.pl\/#website\"},\"datePublished\":\"2022-06-01T17:49:25+00:00\",\"dateModified\":\"2022-08-11T19:40:13+00:00\",\"breadcrumb\":{\"@id\":\"https:\/\/www.hoben.pl\/realizacje\/#breadcrumb\"},\"inLanguage\":\"en-GB\",\"potentialAction\":[{\"@type\":\"ReadAction\",\"target\":[\"https:\/\/www.hoben.pl\/realizacje\/\"]}]},{\"@type\":\"BreadcrumbList\",\"@id\":\"https:\/\/www.hoben.pl\/realizacje\/#breadcrumb\",\"itemListElement\":[{\"@type\":\"ListItem\",\"position\":1,\"name\":\"Strona g\u0142\u00f3wna\",\"item\":\"https:\/\/www.hoben.pl\/\"},{\"@type\":\"ListItem\",\"position\":2,\"name\":\"Realizacje\"}]},{\"@type\":\"WebSite\",\"@id\":\"https:\/\/www.hoben.pl\/#website\",\"url\":\"https:\/\/www.hoben.pl\/\",\"name\":\"Hoben - Generalny Wykonawca Obiekt\u00f3w Budowlanych\",\"description\":\"Generalny Wykonawca Obiekt\u00f3w Budowlanych\",\"publisher\":{\"@id\":\"https:\/\/www.hoben.pl\/#organization\"},\"potentialAction\":[{\"@type\":\"SearchAction\",\"target\":{\"@type\":\"EntryPoint\",\"urlTemplate\":\"https:\/\/www.hoben.pl\/?s={search_term_string}\"},\"query-input\":\"required name=search_term_string\"}],\"inLanguage\":\"en-GB\"},{\"@type\":\"Organization\",\"@id\":\"https:\/\/www.hoben.pl\/#organization\",\"name\":\"Hoben - Generalny Wykonawca Obiekt\u00f3w Budowlanych\",\"url\":\"https:\/\/www.hoben.pl\/\",\"logo\":{\"@type\":\"ImageObject\",\"inLanguage\":\"en-GB\",\"@id\":\"https:\/\/www.hoben.pl\/#\/schema\/logo\/image\/\",\"url\":\"https:\/\/www.hoben.pl\/wp-content\/uploads\/2022\/06\/Logo-HOBEN.png\",\"contentUrl\":\"https:\/\/www.hoben.pl\/wp-content\/uploads\/2022\/06\/Logo-HOBEN.png\",\"width\":500,\"height\":150,\"caption\":\"Hoben - Generalny Wykonawca Obiekt\u00f3w Budowlanych\"},\"image\":{\"@id\":\"https:\/\/www.hoben.pl\/#\/schema\/logo\/image\/\"}}]}<\/script>\n<!-- \/ Yoast SEO plugin. -->","yoast_head_json":{"title":"Realizacje - Hoben - Generalny Wykonawca Obiekt\u00f3w Budowlanych","robots":{"index":"index","follow":"follow","max-snippet":"max-snippet:-1","max-image-preview":"max-image-preview:large","max-video-preview":"max-video-preview:-1"},"canonical":"https:\/\/www.hoben.pl\/en\/realizations\/","og_locale":"en_GB","og_type":"article","og_title":"Realizacje - Hoben - Generalny Wykonawca Obiekt\u00f3w Budowlanych","og_description":"Chcesz wiedzie\u0107, jak pracujemy? Szukasz inspiracji na modernizacj\u0119 swojego obiektu lub budow\u0119 biur? Zobacz, jak projektujemy i budujemy od podstaw, a tak\u017ce jak modernizujemy budynki, kt\u00f3re lata \u015bwietno\u015bci maj\u0105 ju\u017c za sob\u0105. W naszej galerii realizacji s\u0105 prace, kt\u00f3re zyska\u0142y pe\u0142n\u0105 aprobat\u0119 zar\u00f3wno inwestor\u00f3w, jak r\u00f3wnie\u017c inspektor\u00f3w nadzoru budowlanego. Nie czekaj \u2013 powierz nam prace [&hellip;]","og_url":"https:\/\/www.hoben.pl\/en\/realizations\/","og_site_name":"Hoben - Generalny Wykonawca Obiekt\u00f3w Budowlanych","article_modified_time":"2022-08-11T19:40:13+00:00","og_image":[{"url":"https:\/\/www.hoben.pl\/wp-content\/uploads\/2022\/05\/industrial-park-factory-building-warehouse1-768x512.jpg"}],"twitter_card":"summary_large_image","twitter_misc":{"Estimated reading time":"1 minute"},"schema":{"@context":"https:\/\/schema.org","@graph":[{"@type":"WebPage","@id":"https:\/\/www.hoben.pl\/realizacje\/","url":"https:\/\/www.hoben.pl\/realizacje\/","name":"Realizacje - Hoben - Generalny Wykonawca Obiekt\u00f3w Budowlanych","isPartOf":{"@id":"https:\/\/www.hoben.pl\/#website"},"datePublished":"2022-06-01T17:49:25+00:00","dateModified":"2022-08-11T19:40:13+00:00","breadcrumb":{"@id":"https:\/\/www.hoben.pl\/realizacje\/#breadcrumb"},"inLanguage":"en-GB","potentialAction":[{"@type":"ReadAction","target":["https:\/\/www.hoben.pl\/realizacje\/"]}]},{"@type":"BreadcrumbList","@id":"https:\/\/www.hoben.pl\/realizacje\/#breadcrumb","itemListElement":[{"@type":"ListItem","position":1,"name":"Strona g\u0142\u00f3wna","item":"https:\/\/www.hoben.pl\/"},{"@type":"ListItem","position":2,"name":"Realizacje"}]},{"@type":"WebSite","@id":"https:\/\/www.hoben.pl\/#website","url":"https:\/\/www.hoben.pl\/","name":"Hoben - Generalny Wykonawca Obiekt\u00f3w Budowlanych","description":"Generalny Wykonawca Obiekt\u00f3w Budowlanych","publisher":{"@id":"https:\/\/www.hoben.pl\/#organization"},"potentialAction":[{"@type":"SearchAction","target":{"@type":"EntryPoint","urlTemplate":"https:\/\/www.hoben.pl\/?s={search_term_string}"},"query-input":"required name=search_term_string"}],"inLanguage":"en-GB"},{"@type":"Organization","@id":"https:\/\/www.hoben.pl\/#organization","name":"Hoben - Generalny Wykonawca Obiekt\u00f3w Budowlanych","url":"https:\/\/www.hoben.pl\/","logo":{"@type":"ImageObject","inLanguage":"en-GB","@id":"https:\/\/www.hoben.pl\/#\/schema\/logo\/image\/","url":"https:\/\/www.hoben.pl\/wp-content\/uploads\/2022\/06\/Logo-HOBEN.png","contentUrl":"https:\/\/www.hoben.pl\/wp-content\/uploads\/2022\/06\/Logo-HOBEN.png","width":500,"height":150,"caption":"Hoben - Generalny Wykonawca Obiekt\u00f3w Budowlanych"},"image":{"@id":"https:\/\/www.hoben.pl\/#\/schema\/logo\/image\/"}}]}},"_links":{"self":[{"href":"https:\/\/www.hoben.pl\/en\/wp-json\/wp\/v2\/pages\/3693"}],"collection":[{"href":"https:\/\/www.hoben.pl\/en\/wp-json\/wp\/v2\/pages"}],"about":[{"href":"https:\/\/www.hoben.pl\/en\/wp-json\/wp\/v2\/types\/page"}],"author":[{"embeddable":true,"href":"https:\/\/www.hoben.pl\/en\/wp-json\/wp\/v2\/users\/1"}],"replies":[{"embeddable":true,"href":"https:\/\/www.hoben.pl\/en\/wp-json\/wp\/v2\/comments?post=3693"}],"version-history":[{"count":28,"href":"https:\/\/www.hoben.pl\/en\/wp-json\/wp\/v2\/pages\/3693\/revisions"}],"predecessor-version":[{"id":4510,"href":"https:\/\/www.hoben.pl\/en\/wp-json\/wp\/v2\/pages\/3693\/revisions\/4510"}],"wp:attachment":[{"href":"https:\/\/www.hoben.pl\/en\/wp-json\/wp\/v2\/media?parent=3693"}],"curies":[{"name":"wp","href":"https:\/\/api.w.org\/{rel}","templated":true}]}}