{"id":3722,"date":"2022-06-08T12:52:12","date_gmt":"2022-06-08T10:52:12","guid":{"rendered":"https:\/\/www.hoben.pl\/?page_id=3722"},"modified":"2023-04-11T08:19:53","modified_gmt":"2023-04-11T06:19:53","slug":"zespol","status":"publish","type":"page","link":"https:\/\/www.hoben.pl\/en\/management\/","title":{"rendered":"Team"},"content":{"rendered":"<div data-elementor-type=\"wp-page\" data-elementor-id=\"3722\" class=\"elementor elementor-3722\">\n\t\t\t\t\t\t<div class=\"elementor-inner\">\n\t\t\t\t<div class=\"elementor-section-wrap\">\n\t\t\t\t\t\t\t\t\t<section class=\"elementor-section elementor-top-section elementor-element elementor-element-c4fdd12 elementor-section-full_width elementor-section-height-default elementor-section-height-default\" data-id=\"c4fdd12\" data-element_type=\"section\" data-settings=\"{&quot;background_background&quot;:&quot;classic&quot;}\">\n\t\t\t\t\t\t\t<div class=\"elementor-background-overlay\"><\/div>\n\t\t\t\t\t\t\t<div class=\"elementor-container elementor-column-gap-default\">\n\t\t\t\t\t\t\t<div class=\"elementor-row\">\n\t\t\t\t\t<div class=\"elementor-column elementor-col-100 elementor-top-column elementor-element elementor-element-e9b0b34\" data-id=\"e9b0b34\" data-element_type=\"column\" data-settings=\"{&quot;background_background&quot;:&quot;classic&quot;}\">\n\t\t\t<div class=\"elementor-column-wrap elementor-element-populated\">\n\t\t\t\t\t\t\t<div class=\"elementor-widget-wrap\">\n\t\t\t\t\t\t<section class=\"elementor-section elementor-inner-section elementor-element elementor-element-bf0e189 elementor-section-boxed elementor-section-height-default elementor-section-height-default\" data-id=\"bf0e189\" data-element_type=\"section\">\n\t\t\t\t\t\t<div class=\"elementor-container elementor-column-gap-default\">\n\t\t\t\t\t\t\t<div class=\"elementor-row\">\n\t\t\t\t\t<div class=\"elementor-column elementor-col-33 elementor-inner-column elementor-element elementor-element-477a935\" data-id=\"477a935\" data-element_type=\"column\">\n\t\t\t<div class=\"elementor-column-wrap\">\n\t\t\t\t\t\t\t<div class=\"elementor-widget-wrap\">\n\t\t\t\t\t\t\t\t<\/div>\n\t\t\t\t\t<\/div>\n\t\t<\/div>\n\t\t\t\t<div class=\"elementor-column elementor-col-33 elementor-inner-column elementor-element elementor-element-0424289\" data-id=\"0424289\" data-element_type=\"column\">\n\t\t\t<div class=\"elementor-column-wrap elementor-element-populated\">\n\t\t\t\t\t\t\t<div class=\"elementor-widget-wrap\">\n\t\t\t\t\t\t<div class=\"elementor-element elementor-element-b70ab74 elementor-invisible elementor-widget elementor-widget-heading\" data-id=\"b70ab74\" data-element_type=\"widget\" data-settings=\"{&quot;_animation&quot;:&quot;fadeInUp&quot;}\" data-widget_type=\"heading.default\">\n\t\t\t\t<div class=\"elementor-widget-container\">\n\t\t\t<h3 class=\"elementor-heading-title elementor-size-default\">General partner<\/h3>\t\t<\/div>\n\t\t\t\t<\/div>\n\t\t\t\t<div class=\"elementor-element elementor-element-45736ef elementor-invisible elementor-widget elementor-widget-heading\" data-id=\"45736ef\" data-element_type=\"widget\" data-settings=\"{&quot;_animation&quot;:&quot;fadeInUp&quot;}\" data-widget_type=\"heading.default\">\n\t\t\t\t<div class=\"elementor-widget-container\">\n\t\t\t<h4 class=\"elementor-heading-title elementor-size-default\">Dariusz Borys\u0142awski\t<\/h4>\t\t<\/div>\n\t\t\t\t<\/div>\n\t\t\t\t<div class=\"elementor-element elementor-element-30a8f71 elementor-mobile-align-center elementor-align-center elementor-icon-list--layout-traditional elementor-list-item-link-full_width elementor-widget elementor-widget-icon-list\" data-id=\"30a8f71\" data-element_type=\"widget\" data-widget_type=\"icon-list.default\">\n\t\t\t\t<div class=\"elementor-widget-container\">\n\t\t\t\t\t<ul class=\"elementor-icon-list-items\">\n\t\t\t\t\t\t\t<li class=\"elementor-icon-list-item\">\n\t\t\t\t\t\t\t\t\t\t\t<a href=\"mailto:dboryslawski@hoben.pl\">\n\n\t\t\t\t\t\t\t\t\t\t\t\t<span class=\"elementor-icon-list-icon\">\n\t\t\t\t\t\t\t<i aria-hidden=\"true\" class=\"far fa-envelope\"><\/i>\t\t\t\t\t\t<\/span>\n\t\t\t\t\t\t\t\t\t\t<span class=\"elementor-icon-list-text\">dboryslawski@hoben.pl<\/span>\n\t\t\t\t\t\t\t\t\t\t\t<\/a>\n\t\t\t\t\t\t\t\t\t<\/li>\n\t\t\t\t\t\t<\/ul>\n\t\t\t\t<\/div>\n\t\t\t\t<\/div>\n\t\t\t\t<div class=\"elementor-element elementor-element-e218dde elementor-widget elementor-widget-text-editor\" data-id=\"e218dde\" data-element_type=\"widget\" data-widget_type=\"text-editor.default\">\n\t\t\t\t<div class=\"elementor-widget-container\">\n\t\t\t\t\t\t\t\t<div class=\"elementor-text-editor elementor-clearfix\">\n\t\t\t\t<p>Company visionary - the person coordinating the entire Hoben management.\nCharismatic personality, supervising several companies in the region of Lodz.\u00a0 This is\nour Captain on board.<\/p>\t\t\t\t\t<\/div>\n\t\t\t\t\t\t<\/div>\n\t\t\t\t<\/div>\n\t\t\t\t\t\t<\/div>\n\t\t\t\t\t<\/div>\n\t\t<\/div>\n\t\t\t\t<div class=\"elementor-column elementor-col-33 elementor-inner-column elementor-element elementor-element-d9cc345\" data-id=\"d9cc345\" data-element_type=\"column\">\n\t\t\t<div class=\"elementor-column-wrap\">\n\t\t\t\t\t\t\t<div class=\"elementor-widget-wrap\">\n\t\t\t\t\t\t\t\t<\/div>\n\t\t\t\t\t<\/div>\n\t\t<\/div>\n\t\t\t\t\t\t\t\t<\/div>\n\t\t\t\t\t<\/div>\n\t\t<\/section>\n\t\t\t\t<section class=\"elementor-section elementor-inner-section elementor-element elementor-element-1e31cf0 elementor-section-boxed elementor-section-height-default elementor-section-height-default\" data-id=\"1e31cf0\" data-element_type=\"section\">\n\t\t\t\t\t\t<div class=\"elementor-container elementor-column-gap-default\">\n\t\t\t\t\t\t\t<div class=\"elementor-row\">\n\t\t\t\t\t<div class=\"elementor-column elementor-col-100 elementor-inner-column elementor-element elementor-element-2683844\" data-id=\"2683844\" data-element_type=\"column\">\n\t\t\t<div class=\"elementor-column-wrap elementor-element-populated\">\n\t\t\t\t\t\t\t<div class=\"elementor-widget-wrap\">\n\t\t\t\t\t\t<div class=\"elementor-element elementor-element-8a14f5e elementor-invisible elementor-widget elementor-widget-heading\" data-id=\"8a14f5e\" data-element_type=\"widget\" data-settings=\"{&quot;_animation&quot;:&quot;fadeInUp&quot;}\" data-widget_type=\"heading.default\">\n\t\t\t\t<div class=\"elementor-widget-container\">\n\t\t\t<h4 class=\"elementor-heading-title elementor-size-default\">Proxy - Limited partner<\/h4>\t\t<\/div>\n\t\t\t\t<\/div>\n\t\t\t\t<div class=\"elementor-element elementor-element-d6696c5 elementor-widget elementor-widget-spacer\" data-id=\"d6696c5\" data-element_type=\"widget\" data-widget_type=\"spacer.default\">\n\t\t\t\t<div class=\"elementor-widget-container\">\n\t\t\t\t\t<div class=\"elementor-spacer\">\n\t\t\t<div class=\"elementor-spacer-inner\"><\/div>\n\t\t<\/div>\n\t\t\t\t<\/div>\n\t\t\t\t<\/div>\n\t\t\t\t<div class=\"elementor-element elementor-element-4dddd2a elementor-invisible elementor-widget elementor-widget-heading\" data-id=\"4dddd2a\" data-element_type=\"widget\" data-settings=\"{&quot;_animation&quot;:&quot;fadeInUp&quot;}\" data-widget_type=\"heading.default\">\n\t\t\t\t<div class=\"elementor-widget-container\">\n\t\t\t<div class=\"elementor-heading-title elementor-size-default\">Rados\u0142aw Powier\u017ca<\/div>\t\t<\/div>\n\t\t\t\t<\/div>\n\t\t\t\t<div class=\"elementor-element elementor-element-1adb0f6 elementor-widget elementor-widget-spacer\" data-id=\"1adb0f6\" data-element_type=\"widget\" data-widget_type=\"spacer.default\">\n\t\t\t\t<div class=\"elementor-widget-container\">\n\t\t\t\t\t<div class=\"elementor-spacer\">\n\t\t\t<div class=\"elementor-spacer-inner\"><\/div>\n\t\t<\/div>\n\t\t\t\t<\/div>\n\t\t\t\t<\/div>\n\t\t\t\t<div class=\"elementor-element elementor-element-0404e60 elementor-mobile-align-center elementor-align-center elementor-icon-list--layout-traditional elementor-list-item-link-full_width elementor-widget elementor-widget-icon-list\" data-id=\"0404e60\" data-element_type=\"widget\" data-widget_type=\"icon-list.default\">\n\t\t\t\t<div class=\"elementor-widget-container\">\n\t\t\t\t\t<ul class=\"elementor-icon-list-items\">\n\t\t\t\t\t\t\t<li class=\"elementor-icon-list-item\">\n\t\t\t\t\t\t\t\t\t\t\t<a href=\"mailto:rpowierza@hoben.pl\">\n\n\t\t\t\t\t\t\t\t\t\t\t\t<span class=\"elementor-icon-list-icon\">\n\t\t\t\t\t\t\t<i aria-hidden=\"true\" class=\"far fa-envelope\"><\/i>\t\t\t\t\t\t<\/span>\n\t\t\t\t\t\t\t\t\t\t<span class=\"elementor-icon-list-text\">rpowierza@hoben.pl<\/span>\n\t\t\t\t\t\t\t\t\t\t\t<\/a>\n\t\t\t\t\t\t\t\t\t<\/li>\n\t\t\t\t\t\t<\/ul>\n\t\t\t\t<\/div>\n\t\t\t\t<\/div>\n\t\t\t\t<div class=\"elementor-element elementor-element-d906496 elementor-widget elementor-widget-text-editor\" data-id=\"d906496\" data-element_type=\"widget\" data-widget_type=\"text-editor.default\">\n\t\t\t\t<div class=\"elementor-widget-container\">\n\t\t\t\t\t\t\t\t<div class=\"elementor-text-editor elementor-clearfix\">\n\t\t\t\t<p>A graduate of the Faculty of Civil Engineering at the Lodz University of Technology.\nAnalytical mind, where the main criterion for moving in business is the economics of\nsolutions and cost optimisation. A person supervising the results of several enterprises\ntogether with the President - General Partner.<\/p>\t\t\t\t\t<\/div>\n\t\t\t\t\t\t<\/div>\n\t\t\t\t<\/div>\n\t\t\t\t\t\t<\/div>\n\t\t\t\t\t<\/div>\n\t\t<\/div>\n\t\t\t\t\t\t\t\t<\/div>\n\t\t\t\t\t<\/div>\n\t\t<\/section>\n\t\t\t\t<section class=\"elementor-section elementor-inner-section elementor-element elementor-element-ea5a9f3 elementor-section-boxed elementor-section-height-default elementor-section-height-default\" data-id=\"ea5a9f3\" data-element_type=\"section\">\n\t\t\t\t\t\t<div class=\"elementor-container elementor-column-gap-default\">\n\t\t\t\t\t\t\t<div class=\"elementor-row\">\n\t\t\t\t\t<div class=\"elementor-column elementor-col-50 elementor-inner-column elementor-element elementor-element-473af93\" data-id=\"473af93\" data-element_type=\"column\">\n\t\t\t<div class=\"elementor-column-wrap elementor-element-populated\">\n\t\t\t\t\t\t\t<div class=\"elementor-widget-wrap\">\n\t\t\t\t\t\t<div class=\"elementor-element elementor-element-3503358 elementor-invisible elementor-widget elementor-widget-heading\" data-id=\"3503358\" data-element_type=\"widget\" data-settings=\"{&quot;_animation&quot;:&quot;fadeInUp&quot;}\" data-widget_type=\"heading.default\">\n\t\t\t\t<div class=\"elementor-widget-container\">\n\t\t\t<h4 class=\"elementor-heading-title elementor-size-default\">Technical Director<\/h4>\t\t<\/div>\n\t\t\t\t<\/div>\n\t\t\t\t<div class=\"elementor-element elementor-element-c96dec7 elementor-invisible elementor-widget elementor-widget-heading\" data-id=\"c96dec7\" data-element_type=\"widget\" data-settings=\"{&quot;_animation&quot;:&quot;fadeInUp&quot;}\" data-widget_type=\"heading.default\">\n\t\t\t\t<div class=\"elementor-widget-container\">\n\t\t\t<div class=\"elementor-heading-title elementor-size-default\">Krzysztof W\u0119grzynowski<\/div>\t\t<\/div>\n\t\t\t\t<\/div>\n\t\t\t\t<div class=\"elementor-element elementor-element-5f32430 elementor-mobile-align-center elementor-align-center elementor-icon-list--layout-traditional elementor-list-item-link-full_width elementor-widget elementor-widget-icon-list\" data-id=\"5f32430\" data-element_type=\"widget\" data-widget_type=\"icon-list.default\">\n\t\t\t\t<div class=\"elementor-widget-container\">\n\t\t\t\t\t<ul class=\"elementor-icon-list-items\">\n\t\t\t\t\t\t\t<li class=\"elementor-icon-list-item\">\n\t\t\t\t\t\t\t\t\t\t\t<a href=\"mailto:kwegrzynowski@hoben.pl\">\n\n\t\t\t\t\t\t\t\t\t\t\t\t<span class=\"elementor-icon-list-icon\">\n\t\t\t\t\t\t\t<i aria-hidden=\"true\" class=\"far fa-envelope\"><\/i>\t\t\t\t\t\t<\/span>\n\t\t\t\t\t\t\t\t\t\t<span class=\"elementor-icon-list-text\">kwegrzynowski@hoben.pl<\/span>\n\t\t\t\t\t\t\t\t\t\t\t<\/a>\n\t\t\t\t\t\t\t\t\t<\/li>\n\t\t\t\t\t\t<\/ul>\n\t\t\t\t<\/div>\n\t\t\t\t<\/div>\n\t\t\t\t<div class=\"elementor-element elementor-element-d8dedd6 elementor-widget elementor-widget-text-editor\" data-id=\"d8dedd6\" data-element_type=\"widget\" data-widget_type=\"text-editor.default\">\n\t\t\t\t<div class=\"elementor-widget-container\">\n\t\t\t\t\t\t\t\t<div class=\"elementor-text-editor elementor-clearfix\">\n\t\t\t\t<p>A graduate of the Faculty of Mechanical Engineering of the Lodz University of\nTechnology, with many years of experience in the reconstruction of active\ntechnological lines. Mechanics and construction are his passion.<\/p>\t\t\t\t\t<\/div>\n\t\t\t\t\t\t<\/div>\n\t\t\t\t<\/div>\n\t\t\t\t\t\t<\/div>\n\t\t\t\t\t<\/div>\n\t\t<\/div>\n\t\t\t\t<div class=\"elementor-column elementor-col-50 elementor-inner-column elementor-element elementor-element-f967bf9\" data-id=\"f967bf9\" data-element_type=\"column\">\n\t\t\t<div class=\"elementor-column-wrap elementor-element-populated\">\n\t\t\t\t\t\t\t<div class=\"elementor-widget-wrap\">\n\t\t\t\t\t\t<div class=\"elementor-element elementor-element-2c2ae9f elementor-invisible elementor-widget elementor-widget-heading\" data-id=\"2c2ae9f\" data-element_type=\"widget\" data-settings=\"{&quot;_animation&quot;:&quot;fadeInUp&quot;}\" data-widget_type=\"heading.default\">\n\t\t\t\t<div class=\"elementor-widget-container\">\n\t\t\t<h4 class=\"elementor-heading-title elementor-size-default\">Construction Sites Coordinator<\/h4>\t\t<\/div>\n\t\t\t\t<\/div>\n\t\t\t\t<div class=\"elementor-element elementor-element-ed3b2c2 elementor-invisible elementor-widget elementor-widget-heading\" data-id=\"ed3b2c2\" data-element_type=\"widget\" data-settings=\"{&quot;_animation&quot;:&quot;fadeInUp&quot;}\" data-widget_type=\"heading.default\">\n\t\t\t\t<div class=\"elementor-widget-container\">\n\t\t\t<div class=\"elementor-heading-title elementor-size-default\">Monika Bia\u0142ecka<\/div>\t\t<\/div>\n\t\t\t\t<\/div>\n\t\t\t\t<div class=\"elementor-element elementor-element-c2483a4 elementor-mobile-align-center elementor-align-center elementor-icon-list--layout-traditional elementor-list-item-link-full_width elementor-widget elementor-widget-icon-list\" data-id=\"c2483a4\" data-element_type=\"widget\" data-widget_type=\"icon-list.default\">\n\t\t\t\t<div class=\"elementor-widget-container\">\n\t\t\t\t\t<ul class=\"elementor-icon-list-items\">\n\t\t\t\t\t\t\t<li class=\"elementor-icon-list-item\">\n\t\t\t\t\t\t\t\t\t\t\t<a href=\"mailto:mbialecka@hoben.pl\">\n\n\t\t\t\t\t\t\t\t\t\t\t\t<span class=\"elementor-icon-list-icon\">\n\t\t\t\t\t\t\t<i aria-hidden=\"true\" class=\"far fa-envelope\"><\/i>\t\t\t\t\t\t<\/span>\n\t\t\t\t\t\t\t\t\t\t<span class=\"elementor-icon-list-text\">mbialecka@hoben.pl<\/span>\n\t\t\t\t\t\t\t\t\t\t\t<\/a>\n\t\t\t\t\t\t\t\t\t<\/li>\n\t\t\t\t\t\t<\/ul>\n\t\t\t\t<\/div>\n\t\t\t\t<\/div>\n\t\t\t\t<div class=\"elementor-element elementor-element-21ca787 elementor-widget elementor-widget-text-editor\" data-id=\"21ca787\" data-element_type=\"widget\" data-widget_type=\"text-editor.default\">\n\t\t\t\t<div class=\"elementor-widget-container\">\n\t\t\t\t\t\t\t\t<div class=\"elementor-text-editor elementor-clearfix\">\n\t\t\t\t<p>The right hand of the Boss - Head of the purchasing department. The person\ncoordinating most of the logistics and contractual matters. In a word - our mine of\nknowledge.<\/p>\t\t\t\t\t<\/div>\n\t\t\t\t\t\t<\/div>\n\t\t\t\t<\/div>\n\t\t\t\t\t\t<\/div>\n\t\t\t\t\t<\/div>\n\t\t<\/div>\n\t\t\t\t\t\t\t\t<\/div>\n\t\t\t\t\t<\/div>\n\t\t<\/section>\n\t\t\t\t<section class=\"elementor-section elementor-inner-section elementor-element elementor-element-75e7af3 elementor-section-boxed elementor-section-height-default elementor-section-height-default\" data-id=\"75e7af3\" data-element_type=\"section\">\n\t\t\t\t\t\t<div class=\"elementor-container elementor-column-gap-default\">\n\t\t\t\t\t\t\t<div class=\"elementor-row\">\n\t\t\t\t\t<div class=\"elementor-column elementor-col-100 elementor-inner-column elementor-element elementor-element-83b0b4f\" data-id=\"83b0b4f\" data-element_type=\"column\">\n\t\t\t<div class=\"elementor-column-wrap elementor-element-populated\">\n\t\t\t\t\t\t\t<div class=\"elementor-widget-wrap\">\n\t\t\t\t\t\t<div class=\"elementor-element elementor-element-3802ff1 elementor-invisible elementor-widget elementor-widget-heading\" data-id=\"3802ff1\" data-element_type=\"widget\" data-settings=\"{&quot;_animation&quot;:&quot;fadeInUp&quot;}\" data-widget_type=\"heading.default\">\n\t\t\t\t<div class=\"elementor-widget-container\">\n\t\t\t<h4 class=\"elementor-heading-title elementor-size-default\">HR Manager<\/h4>\t\t<\/div>\n\t\t\t\t<\/div>\n\t\t\t\t<div class=\"elementor-element elementor-element-8bae904 elementor-invisible elementor-widget elementor-widget-heading\" data-id=\"8bae904\" data-element_type=\"widget\" data-settings=\"{&quot;_animation&quot;:&quot;fadeInUp&quot;}\" data-widget_type=\"heading.default\">\n\t\t\t\t<div class=\"elementor-widget-container\">\n\t\t\t<div class=\"elementor-heading-title elementor-size-default\">Natalia Wo\u017aniak<\/div>\t\t<\/div>\n\t\t\t\t<\/div>\n\t\t\t\t<div class=\"elementor-element elementor-element-ef018f2 elementor-mobile-align-center elementor-align-center elementor-icon-list--layout-traditional elementor-list-item-link-full_width elementor-widget elementor-widget-icon-list\" data-id=\"ef018f2\" data-element_type=\"widget\" data-widget_type=\"icon-list.default\">\n\t\t\t\t<div class=\"elementor-widget-container\">\n\t\t\t\t\t<ul class=\"elementor-icon-list-items\">\n\t\t\t\t\t\t\t<li class=\"elementor-icon-list-item\">\n\t\t\t\t\t\t\t\t\t\t\t<a href=\"mailto:nwozniak@hoben.pl\">\n\n\t\t\t\t\t\t\t\t\t\t\t\t<span class=\"elementor-icon-list-icon\">\n\t\t\t\t\t\t\t<i aria-hidden=\"true\" class=\"far fa-envelope\"><\/i>\t\t\t\t\t\t<\/span>\n\t\t\t\t\t\t\t\t\t\t<span class=\"elementor-icon-list-text\">nwozniak@hoben.pl<\/span>\n\t\t\t\t\t\t\t\t\t\t\t<\/a>\n\t\t\t\t\t\t\t\t\t<\/li>\n\t\t\t\t\t\t<\/ul>\n\t\t\t\t<\/div>\n\t\t\t\t<\/div>\n\t\t\t\t<div class=\"elementor-element elementor-element-b45fc55 elementor-widget__width-initial elementor-widget elementor-widget-text-editor\" data-id=\"b45fc55\" data-element_type=\"widget\" data-widget_type=\"text-editor.default\">\n\t\t\t\t<div class=\"elementor-widget-container\">\n\t\t\t\t\t\t\t\t<div class=\"elementor-text-editor elementor-clearfix\">\n\t\t\t\t<p>A person who knows the added value that our employees, all Hoben staff and all future\nteam members bring. Submit your application form to Natalia!<\/p>\t\t\t\t\t<\/div>\n\t\t\t\t\t\t<\/div>\n\t\t\t\t<\/div>\n\t\t\t\t\t\t<\/div>\n\t\t\t\t\t<\/div>\n\t\t<\/div>\n\t\t\t\t\t\t\t\t<\/div>\n\t\t\t\t\t<\/div>\n\t\t<\/section>\n\t\t\t\t\t\t<\/div>\n\t\t\t\t\t<\/div>\n\t\t<\/div>\n\t\t\t\t\t\t\t\t<\/div>\n\t\t\t\t\t<\/div>\n\t\t<\/section>\n\t\t\t\t\t\t\t\t\t<\/div>\n\t\t\t<\/div>\n\t\t\t\t\t<\/div>","protected":false},"excerpt":{"rendered":"<p>Komplementariusz Dariusz Borys\u0142awski dboryslawski@hoben.pl Wizjoner firmy \u2013 osoba koordynuj\u0105ca ca\u0142y managment firmy Hoben. Charyzmatyczna osobowo\u015b\u0107, nadzoruj\u0105ca kilka przedsi\u0119biorstw w regionie \u0142\u00f3dzkim.\u00a0 To nasz Kapitan na pok\u0142adzie. Prokurent &#8211; Komandytariusz Rados\u0142aw Powier\u017ca rpowierza@hoben.pl Absolwent Wydzia\u0142u Budownictwa Politechniki\u00a0 \u0141\u00f3dzkiej. Umys\u0142 analityczny, gdzie g\u0142\u00f3wnym kryterium poruszania w biznesie jest ekonomika rozwi\u0105za\u0144 i optymalizacja koszt\u00f3w. Osoba nadzoruj\u0105ca wyniki kilku [&hellip;]<\/p>","protected":false},"author":1,"featured_media":0,"parent":0,"menu_order":0,"comment_status":"closed","ping_status":"closed","template":"","meta":[],"yoast_head":"<!-- This site is optimized with the Yoast SEO plugin v19.10 - https:\/\/yoast.com\/wordpress\/plugins\/seo\/ -->\n<title>Zesp\u00f3\u0142 - Hoben - Generalny Wykonawca Obiekt\u00f3w Budowlanych<\/title>\n<meta name=\"robots\" content=\"index, follow, max-snippet:-1, max-image-preview:large, max-video-preview:-1\" \/>\n<link rel=\"canonical\" href=\"https:\/\/www.hoben.pl\/en\/management\/\" \/>\n<meta property=\"og:locale\" content=\"en_GB\" \/>\n<meta property=\"og:type\" content=\"article\" \/>\n<meta property=\"og:title\" content=\"Zesp\u00f3\u0142 - Hoben - Generalny Wykonawca Obiekt\u00f3w Budowlanych\" \/>\n<meta property=\"og:description\" content=\"Komplementariusz Dariusz Borys\u0142awski dboryslawski@hoben.pl Wizjoner firmy \u2013 osoba koordynuj\u0105ca ca\u0142y managment firmy Hoben. Charyzmatyczna osobowo\u015b\u0107, nadzoruj\u0105ca kilka przedsi\u0119biorstw w regionie \u0142\u00f3dzkim.\u00a0 To nasz Kapitan na pok\u0142adzie. Prokurent &#8211; Komandytariusz Rados\u0142aw Powier\u017ca rpowierza@hoben.pl Absolwent Wydzia\u0142u Budownictwa Politechniki\u00a0 \u0141\u00f3dzkiej. Umys\u0142 analityczny, gdzie g\u0142\u00f3wnym kryterium poruszania w biznesie jest ekonomika rozwi\u0105za\u0144 i optymalizacja koszt\u00f3w. Osoba nadzoruj\u0105ca wyniki kilku [&hellip;]\" \/>\n<meta property=\"og:url\" content=\"https:\/\/www.hoben.pl\/en\/management\/\" \/>\n<meta property=\"og:site_name\" content=\"Hoben - Generalny Wykonawca Obiekt\u00f3w Budowlanych\" \/>\n<meta property=\"article:modified_time\" content=\"2023-04-11T06:19:53+00:00\" \/>\n<meta name=\"twitter:card\" content=\"summary_large_image\" \/>\n<meta name=\"twitter:label1\" content=\"Estimated reading time\" \/>\n\t<meta name=\"twitter:data1\" content=\"1 minute\" \/>\n<script type=\"application\/ld+json\" class=\"yoast-schema-graph\">{\"@context\":\"https:\/\/schema.org\",\"@graph\":[{\"@type\":\"WebPage\",\"@id\":\"https:\/\/www.hoben.pl\/zespol\/\",\"url\":\"https:\/\/www.hoben.pl\/zespol\/\",\"name\":\"Zesp\u00f3\u0142 - Hoben - Generalny Wykonawca Obiekt\u00f3w Budowlanych\",\"isPartOf\":{\"@id\":\"https:\/\/www.hoben.pl\/#website\"},\"datePublished\":\"2022-06-08T10:52:12+00:00\",\"dateModified\":\"2023-04-11T06:19:53+00:00\",\"breadcrumb\":{\"@id\":\"https:\/\/www.hoben.pl\/zespol\/#breadcrumb\"},\"inLanguage\":\"en-GB\",\"potentialAction\":[{\"@type\":\"ReadAction\",\"target\":[\"https:\/\/www.hoben.pl\/zespol\/\"]}]},{\"@type\":\"BreadcrumbList\",\"@id\":\"https:\/\/www.hoben.pl\/zespol\/#breadcrumb\",\"itemListElement\":[{\"@type\":\"ListItem\",\"position\":1,\"name\":\"Strona g\u0142\u00f3wna\",\"item\":\"https:\/\/www.hoben.pl\/\"},{\"@type\":\"ListItem\",\"position\":2,\"name\":\"Zesp\u00f3\u0142\"}]},{\"@type\":\"WebSite\",\"@id\":\"https:\/\/www.hoben.pl\/#website\",\"url\":\"https:\/\/www.hoben.pl\/\",\"name\":\"Hoben - Generalny Wykonawca Obiekt\u00f3w Budowlanych\",\"description\":\"Generalny Wykonawca Obiekt\u00f3w Budowlanych\",\"publisher\":{\"@id\":\"https:\/\/www.hoben.pl\/#organization\"},\"potentialAction\":[{\"@type\":\"SearchAction\",\"target\":{\"@type\":\"EntryPoint\",\"urlTemplate\":\"https:\/\/www.hoben.pl\/?s={search_term_string}\"},\"query-input\":\"required name=search_term_string\"}],\"inLanguage\":\"en-GB\"},{\"@type\":\"Organization\",\"@id\":\"https:\/\/www.hoben.pl\/#organization\",\"name\":\"Hoben - Generalny Wykonawca Obiekt\u00f3w Budowlanych\",\"url\":\"https:\/\/www.hoben.pl\/\",\"logo\":{\"@type\":\"ImageObject\",\"inLanguage\":\"en-GB\",\"@id\":\"https:\/\/www.hoben.pl\/#\/schema\/logo\/image\/\",\"url\":\"https:\/\/www.hoben.pl\/wp-content\/uploads\/2022\/06\/Logo-HOBEN.png\",\"contentUrl\":\"https:\/\/www.hoben.pl\/wp-content\/uploads\/2022\/06\/Logo-HOBEN.png\",\"width\":500,\"height\":150,\"caption\":\"Hoben - Generalny Wykonawca Obiekt\u00f3w Budowlanych\"},\"image\":{\"@id\":\"https:\/\/www.hoben.pl\/#\/schema\/logo\/image\/\"}}]}<\/script>\n<!-- \/ Yoast SEO plugin. -->","yoast_head_json":{"title":"Zesp\u00f3\u0142 - Hoben - Generalny Wykonawca Obiekt\u00f3w Budowlanych","robots":{"index":"index","follow":"follow","max-snippet":"max-snippet:-1","max-image-preview":"max-image-preview:large","max-video-preview":"max-video-preview:-1"},"canonical":"https:\/\/www.hoben.pl\/en\/management\/","og_locale":"en_GB","og_type":"article","og_title":"Zesp\u00f3\u0142 - Hoben - Generalny Wykonawca Obiekt\u00f3w Budowlanych","og_description":"Komplementariusz Dariusz Borys\u0142awski dboryslawski@hoben.pl Wizjoner firmy \u2013 osoba koordynuj\u0105ca ca\u0142y managment firmy Hoben. Charyzmatyczna osobowo\u015b\u0107, nadzoruj\u0105ca kilka przedsi\u0119biorstw w regionie \u0142\u00f3dzkim.\u00a0 To nasz Kapitan na pok\u0142adzie. Prokurent &#8211; Komandytariusz Rados\u0142aw Powier\u017ca rpowierza@hoben.pl Absolwent Wydzia\u0142u Budownictwa Politechniki\u00a0 \u0141\u00f3dzkiej. Umys\u0142 analityczny, gdzie g\u0142\u00f3wnym kryterium poruszania w biznesie jest ekonomika rozwi\u0105za\u0144 i optymalizacja koszt\u00f3w. Osoba nadzoruj\u0105ca wyniki kilku [&hellip;]","og_url":"https:\/\/www.hoben.pl\/en\/management\/","og_site_name":"Hoben - Generalny Wykonawca Obiekt\u00f3w Budowlanych","article_modified_time":"2023-04-11T06:19:53+00:00","twitter_card":"summary_large_image","twitter_misc":{"Estimated reading time":"1 minute"},"schema":{"@context":"https:\/\/schema.org","@graph":[{"@type":"WebPage","@id":"https:\/\/www.hoben.pl\/zespol\/","url":"https:\/\/www.hoben.pl\/zespol\/","name":"Zesp\u00f3\u0142 - Hoben - Generalny Wykonawca Obiekt\u00f3w Budowlanych","isPartOf":{"@id":"https:\/\/www.hoben.pl\/#website"},"datePublished":"2022-06-08T10:52:12+00:00","dateModified":"2023-04-11T06:19:53+00:00","breadcrumb":{"@id":"https:\/\/www.hoben.pl\/zespol\/#breadcrumb"},"inLanguage":"en-GB","potentialAction":[{"@type":"ReadAction","target":["https:\/\/www.hoben.pl\/zespol\/"]}]},{"@type":"BreadcrumbList","@id":"https:\/\/www.hoben.pl\/zespol\/#breadcrumb","itemListElement":[{"@type":"ListItem","position":1,"name":"Strona g\u0142\u00f3wna","item":"https:\/\/www.hoben.pl\/"},{"@type":"ListItem","position":2,"name":"Zesp\u00f3\u0142"}]},{"@type":"WebSite","@id":"https:\/\/www.hoben.pl\/#website","url":"https:\/\/www.hoben.pl\/","name":"Hoben - Generalny Wykonawca Obiekt\u00f3w Budowlanych","description":"Generalny Wykonawca Obiekt\u00f3w Budowlanych","publisher":{"@id":"https:\/\/www.hoben.pl\/#organization"},"potentialAction":[{"@type":"SearchAction","target":{"@type":"EntryPoint","urlTemplate":"https:\/\/www.hoben.pl\/?s={search_term_string}"},"query-input":"required name=search_term_string"}],"inLanguage":"en-GB"},{"@type":"Organization","@id":"https:\/\/www.hoben.pl\/#organization","name":"Hoben - Generalny Wykonawca Obiekt\u00f3w Budowlanych","url":"https:\/\/www.hoben.pl\/","logo":{"@type":"ImageObject","inLanguage":"en-GB","@id":"https:\/\/www.hoben.pl\/#\/schema\/logo\/image\/","url":"https:\/\/www.hoben.pl\/wp-content\/uploads\/2022\/06\/Logo-HOBEN.png","contentUrl":"https:\/\/www.hoben.pl\/wp-content\/uploads\/2022\/06\/Logo-HOBEN.png","width":500,"height":150,"caption":"Hoben - Generalny Wykonawca Obiekt\u00f3w Budowlanych"},"image":{"@id":"https:\/\/www.hoben.pl\/#\/schema\/logo\/image\/"}}]}},"_links":{"self":[{"href":"https:\/\/www.hoben.pl\/en\/wp-json\/wp\/v2\/pages\/3722"}],"collection":[{"href":"https:\/\/www.hoben.pl\/en\/wp-json\/wp\/v2\/pages"}],"about":[{"href":"https:\/\/www.hoben.pl\/en\/wp-json\/wp\/v2\/types\/page"}],"author":[{"embeddable":true,"href":"https:\/\/www.hoben.pl\/en\/wp-json\/wp\/v2\/users\/1"}],"replies":[{"embeddable":true,"href":"https:\/\/www.hoben.pl\/en\/wp-json\/wp\/v2\/comments?post=3722"}],"version-history":[{"count":71,"href":"https:\/\/www.hoben.pl\/en\/wp-json\/wp\/v2\/pages\/3722\/revisions"}],"predecessor-version":[{"id":4934,"href":"https:\/\/www.hoben.pl\/en\/wp-json\/wp\/v2\/pages\/3722\/revisions\/4934"}],"wp:attachment":[{"href":"https:\/\/www.hoben.pl\/en\/wp-json\/wp\/v2\/media?parent=3722"}],"curies":[{"name":"wp","href":"https:\/\/api.w.org\/{rel}","templated":true}]}}